{"id":712,"date":"2022-06-03T14:00:16","date_gmt":"2022-06-03T14:00:16","guid":{"rendered":"https:\/\/wp.mudon.org.ar\/?page_id=712"},"modified":"2023-01-17T18:12:05","modified_gmt":"2023-01-17T18:12:05","slug":"elementor-712","status":"publish","type":"page","link":"https:\/\/www.mudon.org.ar\/?page_id=712","title":{"rendered":"Informaci\u00f3n para el usuario"},"content":{"rendered":"\t\t<div data-elementor-type=\"wp-page\" data-elementor-id=\"712\" class=\"elementor elementor-712\">\n\t\t\t\t\t\t<section class=\"elementor-section elementor-top-section elementor-element elementor-element-629cc89 elementor-section-full_width elementor-section-height-default elementor-section-height-default\" data-id=\"629cc89\" data-element_type=\"section\" data-e-type=\"section\">\n\t\t\t\t\t\t<div class=\"elementor-container elementor-column-gap-default\">\n\t\t\t\t\t<div class=\"elementor-column elementor-col-100 elementor-top-column elementor-element elementor-element-3184401\" data-id=\"3184401\" data-element_type=\"column\" data-e-type=\"column\">\n\t\t\t<div class=\"elementor-widget-wrap\">\n\t\t\t\t\t\t\t<\/div>\n\t\t<\/div>\n\t\t\t\t\t<\/div>\n\t\t<\/section>\n\t\t\t\t<section class=\"elementor-section elementor-top-section elementor-element elementor-element-a192fbe elementor-section-boxed elementor-section-height-default elementor-section-height-default\" data-id=\"a192fbe\" data-element_type=\"section\" data-e-type=\"section\">\n\t\t\t\t\t\t<div class=\"elementor-container elementor-column-gap-default\">\n\t\t\t\t\t<div class=\"elementor-column elementor-col-100 elementor-top-column elementor-element elementor-element-2005056\" data-id=\"2005056\" data-element_type=\"column\" data-e-type=\"column\">\n\t\t\t<div class=\"elementor-widget-wrap elementor-element-populated\">\n\t\t\t\t\t\t<div class=\"elementor-element elementor-element-6300f48 elementor-widget elementor-widget-heading\" data-id=\"6300f48\" data-element_type=\"widget\" data-e-type=\"widget\" data-widget_type=\"heading.default\">\n\t\t\t\t<div class=\"elementor-widget-container\">\n\t\t\t\t\t<h2 class=\"elementor-heading-title elementor-size-default\">INFORMACION PARA  EL USUARIO FINANCIERO<\/h2>\t\t\t\t<\/div>\n\t\t\t\t<\/div>\n\t\t\t\t<div class=\"elementor-element elementor-element-aa6d1d0 elementor-widget elementor-widget-image-gallery\" data-id=\"aa6d1d0\" data-element_type=\"widget\" data-e-type=\"widget\" data-widget_type=\"image-gallery.default\">\n\t\t\t\t<div class=\"elementor-widget-container\">\n\t\t\t\t\t\t\t<div class=\"elementor-image-gallery\">\n\t\t\t<div id='gallery-1' class='gallery galleryid-712 gallery-columns-4 gallery-size-medium'><figure class='gallery-item'>\n\t\t\t<div class='gallery-icon portrait'>\n\t\t\t\t<a data-elementor-open-lightbox=\"yes\" data-elementor-lightbox-slideshow=\"aa6d1d0\" data-elementor-lightbox-title=\"BCRA-contactate\" data-e-action-hash=\"#elementor-action%3Aaction%3Dlightbox%26settings%3DeyJpZCI6MTIxNywidXJsIjoiaHR0cHM6XC9cL3d3dy5tdWRvbi5vcmcuYXJcL3dwLWNvbnRlbnRcL3VwbG9hZHNcLzIwMjJcLzA5XC9CQ1JBLWNvbnRhY3RhdGUucG5nIiwic2xpZGVzaG93IjoiYWE2ZDFkMCJ9\" href='https:\/\/www.mudon.org.ar\/wp-content\/uploads\/2022\/09\/BCRA-contactate.png'><img fetchpriority=\"high\" decoding=\"async\" width=\"231\" height=\"300\" src=\"https:\/\/www.mudon.org.ar\/wp-content\/uploads\/2022\/09\/BCRA-contactate-231x300.png\" class=\"attachment-medium size-medium\" alt=\"\" srcset=\"https:\/\/www.mudon.org.ar\/wp-content\/uploads\/2022\/09\/BCRA-contactate-231x300.png 231w, https:\/\/www.mudon.org.ar\/wp-content\/uploads\/2022\/09\/BCRA-contactate.png 348w\" sizes=\"(max-width: 231px) 100vw, 231px\" \/><\/a>\n\t\t\t<\/div><\/figure><figure class='gallery-item'>\n\t\t\t<div class='gallery-icon portrait'>\n\t\t\t\t<a data-elementor-open-lightbox=\"yes\" data-elementor-lightbox-slideshow=\"aa6d1d0\" data-elementor-lightbox-title=\"BCRA-baja\" data-e-action-hash=\"#elementor-action%3Aaction%3Dlightbox%26settings%3DeyJpZCI6MTIxNiwidXJsIjoiaHR0cHM6XC9cL3d3dy5tdWRvbi5vcmcuYXJcL3dwLWNvbnRlbnRcL3VwbG9hZHNcLzIwMjJcLzA5XC9CQ1JBLWJhamEucG5nIiwic2xpZGVzaG93IjoiYWE2ZDFkMCJ9\" href='https:\/\/www.mudon.org.ar\/wp-content\/uploads\/2022\/09\/BCRA-baja.png'><img decoding=\"async\" width=\"209\" height=\"300\" src=\"https:\/\/www.mudon.org.ar\/wp-content\/uploads\/2022\/09\/BCRA-baja-209x300.png\" class=\"attachment-medium size-medium\" alt=\"\" srcset=\"https:\/\/www.mudon.org.ar\/wp-content\/uploads\/2022\/09\/BCRA-baja-209x300.png 209w, https:\/\/www.mudon.org.ar\/wp-content\/uploads\/2022\/09\/BCRA-baja.png 367w\" sizes=\"(max-width: 209px) 100vw, 209px\" \/><\/a>\n\t\t\t<\/div><\/figure><figure class='gallery-item'>\n\t\t\t<div class='gallery-icon portrait'>\n\t\t\t\t<a data-elementor-open-lightbox=\"yes\" data-elementor-lightbox-slideshow=\"aa6d1d0\" data-elementor-lightbox-title=\"BCRA-reclamos\" data-e-action-hash=\"#elementor-action%3Aaction%3Dlightbox%26settings%3DeyJpZCI6MTIxOCwidXJsIjoiaHR0cHM6XC9cL3d3dy5tdWRvbi5vcmcuYXJcL3dwLWNvbnRlbnRcL3VwbG9hZHNcLzIwMjJcLzA5XC9CQ1JBLXJlY2xhbW9zLnBuZyIsInNsaWRlc2hvdyI6ImFhNmQxZDAifQ%3D%3D\" href='https:\/\/www.mudon.org.ar\/wp-content\/uploads\/2022\/09\/BCRA-reclamos.png'><img decoding=\"async\" width=\"213\" height=\"300\" src=\"https:\/\/www.mudon.org.ar\/wp-content\/uploads\/2022\/09\/BCRA-reclamos-213x300.png\" class=\"attachment-medium size-medium\" alt=\"\" srcset=\"https:\/\/www.mudon.org.ar\/wp-content\/uploads\/2022\/09\/BCRA-reclamos-213x300.png 213w, https:\/\/www.mudon.org.ar\/wp-content\/uploads\/2022\/09\/BCRA-reclamos.png 331w\" sizes=\"(max-width: 213px) 100vw, 213px\" \/><\/a>\n\t\t\t<\/div><\/figure><figure class='gallery-item'>\n\t\t\t<div class='gallery-icon portrait'>\n\t\t\t\t<a data-elementor-open-lightbox=\"yes\" data-elementor-lightbox-slideshow=\"aa6d1d0\" data-elementor-lightbox-title=\"BCRA-si-no\" data-e-action-hash=\"#elementor-action%3Aaction%3Dlightbox%26settings%3DeyJpZCI6MTIxNSwidXJsIjoiaHR0cHM6XC9cL3d3dy5tdWRvbi5vcmcuYXJcL3dwLWNvbnRlbnRcL3VwbG9hZHNcLzIwMjJcLzA5XC9CQ1JBLXNpLW5vLnBuZyIsInNsaWRlc2hvdyI6ImFhNmQxZDAifQ%3D%3D\" href='https:\/\/www.mudon.org.ar\/wp-content\/uploads\/2022\/09\/BCRA-si-no.png'><img loading=\"lazy\" decoding=\"async\" width=\"242\" height=\"300\" src=\"https:\/\/www.mudon.org.ar\/wp-content\/uploads\/2022\/09\/BCRA-si-no-242x300.png\" class=\"attachment-medium size-medium\" alt=\"\" srcset=\"https:\/\/www.mudon.org.ar\/wp-content\/uploads\/2022\/09\/BCRA-si-no-242x300.png 242w, https:\/\/www.mudon.org.ar\/wp-content\/uploads\/2022\/09\/BCRA-si-no.png 374w\" sizes=\"(max-width: 242px) 100vw, 242px\" \/><\/a>\n\t\t\t<\/div><\/figure>\n\t\t<\/div>\n\t\t<\/div>\n\t\t\t\t\t\t<\/div>\n\t\t\t\t<\/div>\n\t\t\t\t<div class=\"elementor-element elementor-element-455fa9f elementor-align-left elementor-widget elementor-widget-button\" data-id=\"455fa9f\" data-element_type=\"widget\" data-e-type=\"widget\" data-widget_type=\"button.default\">\n\t\t\t\t<div class=\"elementor-widget-container\">\n\t\t\t\t\t\t\t\t\t<div class=\"elementor-button-wrapper\">\n\t\t\t\t\t<a class=\"elementor-button elementor-button-link elementor-size-lg\" href=\"https:\/\/wp.mudon.org.ar\/wp-content\/uploads\/2022\/06\/comisiones-ycargos.pdf\" target=\"_blank\">\n\t\t\t\t\t\t<span class=\"elementor-button-content-wrapper\">\n\t\t\t\t\t\t<span class=\"elementor-button-icon\">\n\t\t\t\t<i aria-hidden=\"true\" class=\"far fa-arrow-alt-circle-right\"><\/i>\t\t\t<\/span>\n\t\t\t\t\t\t\t\t\t<span class=\"elementor-button-text\">Comisiones y cargos<\/span>\n\t\t\t\t\t<\/span>\n\t\t\t\t\t<\/a>\n\t\t\t\t<\/div>\n\t\t\t\t\t\t\t\t<\/div>\n\t\t\t\t<\/div>\n\t\t\t\t<div class=\"elementor-element elementor-element-f93012d elementor-align-left elementor-widget elementor-widget-button\" data-id=\"f93012d\" data-element_type=\"widget\" data-e-type=\"widget\" data-widget_type=\"button.default\">\n\t\t\t\t<div class=\"elementor-widget-container\">\n\t\t\t\t\t\t\t\t\t<div class=\"elementor-button-wrapper\">\n\t\t\t\t\t<a class=\"elementor-button elementor-button-link elementor-size-lg\" href=\"https:\/\/www.mudon.org.ar\/wp-content\/uploads\/2023\/01\/Tasas-MUDON-12-2022.pdf\" target=\"_blank\">\n\t\t\t\t\t\t<span class=\"elementor-button-content-wrapper\">\n\t\t\t\t\t\t<span class=\"elementor-button-icon\">\n\t\t\t\t<i aria-hidden=\"true\" class=\"far fa-arrow-alt-circle-right\"><\/i>\t\t\t<\/span>\n\t\t\t\t\t\t\t\t\t<span class=\"elementor-button-text\">Tasas<\/span>\n\t\t\t\t\t<\/span>\n\t\t\t\t\t<\/a>\n\t\t\t\t<\/div>\n\t\t\t\t\t\t\t\t<\/div>\n\t\t\t\t<\/div>\n\t\t\t\t<div class=\"elementor-element elementor-element-090f082 elementor-widget-divider--view-line elementor-widget elementor-widget-divider\" data-id=\"090f082\" data-element_type=\"widget\" data-e-type=\"widget\" data-widget_type=\"divider.default\">\n\t\t\t\t<div class=\"elementor-widget-container\">\n\t\t\t\t\t\t\t<div class=\"elementor-divider\">\n\t\t\t<span class=\"elementor-divider-separator\">\n\t\t\t\t\t\t<\/span>\n\t\t<\/div>\n\t\t\t\t\t\t<\/div>\n\t\t\t\t<\/div>\n\t\t\t\t<div class=\"elementor-element elementor-element-6523fd1 elementor-widget elementor-widget-heading\" data-id=\"6523fd1\" data-element_type=\"widget\" data-e-type=\"widget\" data-widget_type=\"heading.default\">\n\t\t\t\t<div class=\"elementor-widget-container\">\n\t\t\t\t\t<h2 class=\"elementor-heading-title elementor-size-default\">Responsables de Atenci\u00f3n al Usuario Financiero:<\/h2>\t\t\t\t<\/div>\n\t\t\t\t<\/div>\n\t\t\t\t<div class=\"elementor-element elementor-element-6e6712e elementor-widget-divider--view-line elementor-widget elementor-widget-divider\" data-id=\"6e6712e\" data-element_type=\"widget\" data-e-type=\"widget\" data-widget_type=\"divider.default\">\n\t\t\t\t<div class=\"elementor-widget-container\">\n\t\t\t\t\t\t\t<div class=\"elementor-divider\">\n\t\t\t<span class=\"elementor-divider-separator\">\n\t\t\t\t\t\t<\/span>\n\t\t<\/div>\n\t\t\t\t\t\t<\/div>\n\t\t\t\t<\/div>\n\t\t\t\t<div class=\"elementor-element elementor-element-909a609 elementor-widget elementor-widget-text-editor\" data-id=\"909a609\" data-element_type=\"widget\" data-e-type=\"widget\" data-widget_type=\"text-editor.default\">\n\t\t\t\t<div class=\"elementor-widget-container\">\n\t\t\t\t\t\t\t\t\t<p>Si tiene alguna consulta o reclamo con respecto a los servicios ofrecidos por la Mutual, Usted podr\u00e1 realizarlo a trav\u00e9s de los siguientes canales:<\/p><p>&#8211; Presencial: En Central y Delegaciones<br \/><span style=\"background-color: var(--ast-global-color-5); color: var( --e-global-color-text ); font-family: var( --e-global-typography-text-font-family ), Sans-serif; font-style: inherit; font-weight: inherit;\">&#8211; L\u00edneas telef\u00f3nicas: (299)\u00a04484531<br \/><\/span><span style=\"font-style: inherit; font-weight: inherit; color: var( --e-global-color-text ); font-family: var( --e-global-typography-text-font-family ), Sans-serif; background-color: var(--ast-global-color-5);\">&#8211; Correos Electr\u00f3nicos: <a href=\"mailto:presidencia@mudon.org.ar\">presidencia@mudon.org.ar<\/a><\/span><\/p><p>El plazo para resolver y responder a los reclamos ingresados por algunos de los canales habilitados es de 10 d\u00edas h\u00e1biles, excepto cuando medien causas ajenas al mismo debidamente justificadas.<\/p>\t\t\t\t\t\t\t\t<\/div>\n\t\t\t\t<\/div>\n\t\t\t\t<div class=\"elementor-element elementor-element-0702d2e elementor-widget-divider--view-line elementor-widget elementor-widget-divider\" data-id=\"0702d2e\" data-element_type=\"widget\" data-e-type=\"widget\" data-widget_type=\"divider.default\">\n\t\t\t\t<div class=\"elementor-widget-container\">\n\t\t\t\t\t\t\t<div class=\"elementor-divider\">\n\t\t\t<span class=\"elementor-divider-separator\">\n\t\t\t\t\t\t<\/span>\n\t\t<\/div>\n\t\t\t\t\t\t<\/div>\n\t\t\t\t<\/div>\n\t\t\t\t<div class=\"elementor-element elementor-element-e31cf69 elementor-widget elementor-widget-heading\" data-id=\"e31cf69\" data-element_type=\"widget\" data-e-type=\"widget\" data-widget_type=\"heading.default\">\n\t\t\t\t<div class=\"elementor-widget-container\">\n\t\t\t\t\t<h2 class=\"elementor-heading-title elementor-size-default\">Responsables de Atenci\u00f3n al Usuario Financiero:<\/h2>\t\t\t\t<\/div>\n\t\t\t\t<\/div>\n\t\t\t\t<div class=\"elementor-element elementor-element-8c01f67 elementor-widget-divider--view-line elementor-widget elementor-widget-divider\" data-id=\"8c01f67\" data-element_type=\"widget\" data-e-type=\"widget\" data-widget_type=\"divider.default\">\n\t\t\t\t<div class=\"elementor-widget-container\">\n\t\t\t\t\t\t\t<div class=\"elementor-divider\">\n\t\t\t<span class=\"elementor-divider-separator\">\n\t\t\t\t\t\t<\/span>\n\t\t<\/div>\n\t\t\t\t\t\t<\/div>\n\t\t\t\t<\/div>\n\t\t\t\t<div class=\"elementor-element elementor-element-49d3472 elementor-widget elementor-widget-text-editor\" data-id=\"49d3472\" data-element_type=\"widget\" data-e-type=\"widget\" data-widget_type=\"text-editor.default\">\n\t\t\t\t<div class=\"elementor-widget-container\">\n\t\t\t\t\t\t\t\t\t<p>Marcelo Adolfo Moreno<br><span style=\"font-style: inherit; font-weight: inherit; color: var( --e-global-color-text ); font-family: var( --e-global-typography-text-font-family ), Sans-serif; background-color: var(--ast-global-color-5);\">Tel\u00e9fono de contacto: (299) 6336563<br><\/span><span style=\"font-style: inherit; font-weight: inherit; color: var( --e-global-color-text ); font-family: var( --e-global-typography-text-font-family ), Sans-serif; background-color: var(--ast-global-color-5);\">E-mail: morenoma2002@yahoo.com.ar<\/span><\/p>\n<p>Daniel Eduardo Rodr\u00edguez<br><span style=\"font-style: inherit; font-weight: inherit; color: var( --e-global-color-text ); font-family: var( --e-global-typography-text-font-family ), Sans-serif; background-color: var(--ast-global-color-5);\">Tel\u00e9fono de contacto: (299) 4711181<br><\/span><span style=\"font-style: inherit; font-weight: inherit; color: var( --e-global-color-text ); font-family: var( --e-global-typography-text-font-family ), Sans-serif; background-color: var(--ast-global-color-5);\">E-mail: danielrodriguez@mudon.org.ar<\/span><\/p>\n<p><span style=\"font-style: inherit; font-weight: inherit; color: var( --e-global-color-text ); font-family: var( --e-global-typography-text-font-family ), Sans-serif; background-color: var(--ast-global-color-5);\">Ante la falta de respuesta o disconformidad con la misma podr\u00e1n contactar al \u00e1rea de Protecci\u00f3n al Usuario de Servicios Financieros del Banco Central de la Rep\u00fablica Argentina ingresando a <a href=\"http:\/\/www.usuariosfinancieros.gob.ar\">www.usuariosfinancieros.gob.ar<\/a><\/span><\/p>\t\t\t\t\t\t\t\t<\/div>\n\t\t\t\t<\/div>\n\t\t\t\t<div class=\"elementor-element elementor-element-1777b3b elementor-widget elementor-widget-spacer\" data-id=\"1777b3b\" data-element_type=\"widget\" data-e-type=\"widget\" data-widget_type=\"spacer.default\">\n\t\t\t\t<div class=\"elementor-widget-container\">\n\t\t\t\t\t\t\t<div class=\"elementor-spacer\">\n\t\t\t<div class=\"elementor-spacer-inner\"><\/div>\n\t\t<\/div>\n\t\t\t\t\t\t<\/div>\n\t\t\t\t<\/div>\n\t\t\t\t\t<\/div>\n\t\t<\/div>\n\t\t\t\t\t<\/div>\n\t\t<\/section>\n\t\t\t\t<\/div>\n\t\t","protected":false},"excerpt":{"rendered":"<p>INFORMACION PARA EL USUARIO FINANCIERO Comisiones y cargos Tasas Responsables de Atenci\u00f3n al Usuario Financiero: Si tiene alguna consulta o reclamo con respecto a los servicios ofrecidos por la Mutual, Usted podr\u00e1 realizarlo a trav\u00e9s de los siguientes canales: &#8211; Presencial: En Central y Delegaciones&#8211; L\u00edneas telef\u00f3nicas: (299)\u00a04484531&#8211; Correos Electr\u00f3nicos: presidencia@mudon.org.ar El plazo para resolver &hellip;<\/p>\n<p class=\"read-more\"> <a class=\"\" href=\"https:\/\/www.mudon.org.ar\/?page_id=712\"> <span class=\"screen-reader-text\">Informaci\u00f3n para el usuario<\/span> Leer m\u00e1s &raquo;<\/a><\/p>\n","protected":false},"author":1,"featured_media":0,"parent":0,"menu_order":0,"comment_status":"closed","ping_status":"closed","template":"","meta":{"site-sidebar-layout":"no-sidebar","site-content-layout":"page-builder","ast-site-content-layout":"","site-content-style":"default","site-sidebar-style":"default","ast-global-header-display":"","ast-banner-title-visibility":"","ast-main-header-display":"","ast-hfb-above-header-display":"","ast-hfb-below-header-display":"","ast-hfb-mobile-header-display":"","site-post-title":"disabled","ast-breadcrumbs-content":"","ast-featured-img":"disabled","footer-sml-layout":"","theme-transparent-header-meta":"","adv-header-id-meta":"","stick-header-meta":"","header-above-stick-meta":"","header-main-stick-meta":"","header-below-stick-meta":"","astra-migrate-meta-layouts":"","footnotes":""},"class_list":["post-712","page","type-page","status-publish","hentry"],"_links":{"self":[{"href":"https:\/\/www.mudon.org.ar\/index.php?rest_route=\/wp\/v2\/pages\/712","targetHints":{"allow":["GET"]}}],"collection":[{"href":"https:\/\/www.mudon.org.ar\/index.php?rest_route=\/wp\/v2\/pages"}],"about":[{"href":"https:\/\/www.mudon.org.ar\/index.php?rest_route=\/wp\/v2\/types\/page"}],"author":[{"embeddable":true,"href":"https:\/\/www.mudon.org.ar\/index.php?rest_route=\/wp\/v2\/users\/1"}],"replies":[{"embeddable":true,"href":"https:\/\/www.mudon.org.ar\/index.php?rest_route=%2Fwp%2Fv2%2Fcomments&post=712"}],"version-history":[{"count":34,"href":"https:\/\/www.mudon.org.ar\/index.php?rest_route=\/wp\/v2\/pages\/712\/revisions"}],"predecessor-version":[{"id":1366,"href":"https:\/\/www.mudon.org.ar\/index.php?rest_route=\/wp\/v2\/pages\/712\/revisions\/1366"}],"wp:attachment":[{"href":"https:\/\/www.mudon.org.ar\/index.php?rest_route=%2Fwp%2Fv2%2Fmedia&parent=712"}],"curies":[{"name":"wp","href":"https:\/\/api.w.org\/{rel}","templated":true}]}}